{"id":390,"date":"2024-03-09T23:22:47","date_gmt":"2024-03-09T23:22:47","guid":{"rendered":"https:\/\/dominik.heyhaseeb.com\/?page_id=390"},"modified":"2024-03-09T23:39:48","modified_gmt":"2024-03-09T23:39:48","slug":"datenschutzerklarung","status":"publish","type":"page","link":"https:\/\/dominik.heyhaseeb.com\/en\/datenschutzerklarung\/","title":{"rendered":"Datenschutzerkl\u00e4rung"},"content":{"rendered":"<div data-elementor-type=\"wp-page\" data-elementor-id=\"390\" class=\"elementor elementor-390\">\n\t\t\t\t\t\t<section class=\"elementor-section elementor-top-section elementor-element elementor-element-77df54b elementor-section-boxed elementor-section-height-default elementor-section-height-default\" data-id=\"77df54b\" data-element_type=\"section\" data-e-type=\"section\">\n\t\t\t\t\t\t<div class=\"elementor-container elementor-column-gap-default\">\n\t\t\t\t\t<div class=\"elementor-column elementor-col-100 elementor-top-column elementor-element elementor-element-b206713\" data-id=\"b206713\" data-element_type=\"column\" data-e-type=\"column\">\n\t\t\t<div class=\"elementor-widget-wrap elementor-element-populated\">\n\t\t\t\t\t\t<div class=\"elementor-element elementor-element-d611634 elementor-widget elementor-widget-text-editor\" data-id=\"d611634\" data-element_type=\"widget\" data-e-type=\"widget\" data-widget_type=\"text-editor.default\">\n\t\t\t\t<div class=\"elementor-widget-container\">\n\t\t\t\t\t\t\t\t\t<p>Wir bei ARTIS CARPETS nehmen den Schutz Ihrer pers\u00f6nlichen Daten sehr ernst. Diese Datenschutzerkl\u00e4rung informiert Sie dar\u00fcber, wie wir Informationen erfassen, verwenden und offenlegen, die wir \u00fcber Sie erfassen, wenn Sie unsere Website besuchen und unsere Dienste nutzen.<\/p><p>1. Erfassung und Verwendung von Informationen<\/p><p>1.1. Pers\u00f6nliche Identifikationsdaten: Wenn Sie unsere Website besuchen oder einen Kauf t\u00e4tigen, k\u00f6nnen wir bestimmte personenbezogene Daten von Ihnen erfassen, wie z. B. Ihren Namen, Ihre E-Mail-Adresse, Ihre Postanschrift und Ihre Zahlungsinformationen. Wir verwenden diese Informationen, um Ihnen die von Ihnen angeforderten Produkte oder Dienstleistungen zur Verf\u00fcgung zu stellen, Ihre Bestellungen zu verarbeiten, Ihr Konto zu verwalten und mit Ihnen zu kommunizieren.<\/p><p>1.2. Nicht pers\u00f6nliche Identifikationsdaten: Wir k\u00f6nnen auch nicht pers\u00f6nliche Identifikationsdaten \u00fcber Benutzer erfassen, wenn sie mit unserer Website interagieren. Diese Informationen k\u00f6nnen Dinge wie den Browsertyp, das verwendete Betriebssystem, den Internetdienstanbieter und andere \u00e4hnliche Informationen enthalten.<\/p><p>2. Cookies<\/p><p>Unsere Website verwendet &#8222;Cookies&#8220;, um die Benutzererfahrung zu verbessern. Ein Cookie ist eine Textdatei, die auf dem Computer des Benutzers gespeichert wird und Informationen \u00fcber den Benutzer enth\u00e4lt. Der Benutzer kann die Verwendung von Cookies ablehnen, indem er die entsprechenden Einstellungen in seinem Webbrowser anpasst. Das Ablehnen von Cookies kann jedoch dazu f\u00fchren, dass einige Teile der Website nicht ordnungsgem\u00e4\u00df funktionieren.<\/p><p>3. Datensicherheit<\/p><p>Wir setzen angemessene Sicherheitsma\u00dfnahmen ein, um Ihre pers\u00f6nlichen Daten vor unbefugtem Zugriff, unbefugter Nutzung oder Offenlegung zu sch\u00fctzen.<\/p><p>4. Weitergabe von Informationen<\/p><p>Wir verkaufen, handeln oder vermieten Ihre pers\u00f6nlichen Daten nicht an Dritte. Wir k\u00f6nnen jedoch nicht pers\u00f6nlich identifizierbare Besucherinformationen an vertrauensw\u00fcrdige Dritte weitergeben, die uns bei der Verwaltung unserer Website oder bei der Durchf\u00fchrung unseres Gesch\u00e4fts unterst\u00fctzen, unter der Voraussetzung, dass diese Parteien sich verpflichten, diese Informationen vertraulich zu behandeln.<\/p><p>5. \u00c4nderungen dieser Datenschutzerkl\u00e4rung<\/p><p>Wir behalten uns das Recht vor, diese Datenschutzerkl\u00e4rung jederzeit zu \u00e4ndern. Wir empfehlen Ihnen daher, diese Seite regelm\u00e4\u00dfig auf \u00c4nderungen zu \u00fcberpr\u00fcfen. Durch die Nutzung dieser Website erkl\u00e4ren Sie sich mit den Bedingungen dieser Datenschutzerkl\u00e4rung einverstanden.<\/p><p>6. Kontaktieren Sie uns<\/p><p>Wenn Sie Fragen zu dieser Datenschutzerkl\u00e4rung oder zu den Datenschutzpraktiken dieser Website haben, k\u00f6nnen Sie uns unter office@artis-carpets.at kontaktieren.<\/p><p>Datum der letzten Aktualisierung: 05. M\u00e4rz 2024<\/p><p>Mit dem Besuch unserer Website und der Nutzung unserer Dienste erkl\u00e4ren Sie sich mit den in dieser Datenschutzerkl\u00e4rung beschriebenen Praktiken einverstanden.<\/p>\t\t\t\t\t\t\t\t<\/div>\n\t\t\t\t<\/div>\n\t\t\t\t\t<\/div>\n\t\t<\/div>\n\t\t\t\t\t<\/div>\n\t\t<\/section>\n\t\t\t\t<\/div>","protected":false},"excerpt":{"rendered":"<p>Wir bei ARTIS CARPETS nehmen den Schutz Ihrer pers\u00f6nlichen Daten sehr ernst. Diese Datenschutzerkl\u00e4rung informiert Sie dar\u00fcber, wie wir Informationen erfassen, verwenden und offenlegen, die wir \u00fcber Sie erfassen, wenn Sie unsere Website besuchen und unsere Dienste nutzen. 1. Erfassung und Verwendung von Informationen 1.1. Pers\u00f6nliche Identifikationsdaten: Wenn Sie unsere Website besuchen oder einen Kauf [&hellip;]<\/p>\n","protected":false},"author":1,"featured_media":0,"parent":0,"menu_order":0,"comment_status":"closed","ping_status":"closed","template":"","meta":{"footnotes":""},"class_list":["post-390","page","type-page","status-publish","hentry"],"_links":{"self":[{"href":"https:\/\/dominik.heyhaseeb.com\/en\/wp-json\/wp\/v2\/pages\/390","targetHints":{"allow":["GET"]}}],"collection":[{"href":"https:\/\/dominik.heyhaseeb.com\/en\/wp-json\/wp\/v2\/pages"}],"about":[{"href":"https:\/\/dominik.heyhaseeb.com\/en\/wp-json\/wp\/v2\/types\/page"}],"author":[{"embeddable":true,"href":"https:\/\/dominik.heyhaseeb.com\/en\/wp-json\/wp\/v2\/users\/1"}],"replies":[{"embeddable":true,"href":"https:\/\/dominik.heyhaseeb.com\/en\/wp-json\/wp\/v2\/comments?post=390"}],"version-history":[{"count":19,"href":"https:\/\/dominik.heyhaseeb.com\/en\/wp-json\/wp\/v2\/pages\/390\/revisions"}],"predecessor-version":[{"id":414,"href":"https:\/\/dominik.heyhaseeb.com\/en\/wp-json\/wp\/v2\/pages\/390\/revisions\/414"}],"wp:attachment":[{"href":"https:\/\/dominik.heyhaseeb.com\/en\/wp-json\/wp\/v2\/media?parent=390"}],"curies":[{"name":"wp","href":"https:\/\/api.w.org\/{rel}","templated":true}]}}